{"id":5856,"date":"2024-02-28T13:05:22","date_gmt":"2024-02-28T12:05:22","guid":{"rendered":"https:\/\/coutellerie-brun.fr\/privacy-policy"},"modified":"2024-04-18T17:37:19","modified_gmt":"2024-04-18T15:37:19","slug":"privacy-policy","status":"publish","type":"page","link":"https:\/\/coutellerie-brun.fr\/en\/privacy-policy","title":{"rendered":"Privacy policy"},"content":{"rendered":"\t\t<div data-elementor-type=\"wp-page\" data-elementor-id=\"5856\" class=\"elementor elementor-5856 elementor-3010\" data-elementor-post-type=\"page\">\n\t\t\t\t<div data-particle_enable=\"false\" data-particle-mobile-disabled=\"false\" class=\"elementor-element elementor-element-3edb9d3a e-flex e-con-boxed e-con e-parent\" data-id=\"3edb9d3a\" data-element_type=\"container\" data-e-type=\"container\">\n\t\t\t\t\t<div class=\"e-con-inner\">\n\t\t\t\t<div class=\"elementor-element elementor-element-d7e996c elementor-widget elementor-widget-spacer\" data-id=\"d7e996c\" data-element_type=\"widget\" data-e-type=\"widget\" data-widget_type=\"spacer.default\">\n\t\t\t\t<div class=\"elementor-widget-container\">\n\t\t\t\t\t\t\t<div class=\"elementor-spacer\">\n\t\t\t<div class=\"elementor-spacer-inner\"><\/div>\n\t\t<\/div>\n\t\t\t\t\t\t<\/div>\n\t\t\t\t<\/div>\n\t\t\t\t<div class=\"elementor-element elementor-element-240b7453 elementor-widget elementor-widget-text-editor\" data-id=\"240b7453\" data-element_type=\"widget\" data-e-type=\"widget\" data-widget_type=\"text-editor.default\">\n\t\t\t\t<div class=\"elementor-widget-container\">\n\t\t\t\t\t\t\t\t\t<p><\/p>\n<p>Privacy policy  <\/p>\n<p><em>[Coutellerie Brun Laguiole]<\/em><\/p>\n<p> <\/p>\n<p>ARTICLE 1: PREAMBLE  <\/p>\n<p>The purpose of this privacy policy is to inform users of the :  <br><br><\/p>\n<ul>\n<li>How their personal data is collected. Personal data is any information that can be used to identify a user. These may include, but are not limited to: first and last names, age, postal or e-mail address, location or IP address;<\/li>\n<li>On the rights they have concerning this data;<\/li>\n<li>On the person responsible for processing the personal data collected and processed ;<\/li>\n<li>On the recipients of this personal data;<\/li>\n<li>About the site&#8217;s cookie policy.<\/li>\n<\/ul>\n<p>This policy supplements the legal notice and the General Conditions of Use, which can be consulted by users at the following address:  <\/p>\n<p>[Ins\u00e9rer l\u2019URL permettant d&#8217;acc\u00e9der aux Conditions G\u00e9n\u00e9rales d\u2019Utilisation et aux mentions L\u00e9gales]<\/p>\n<p> <\/p>\n<p>ARTICLE 2: PRINCIPLES GOVERNING THE COLLECTION AND PROCESSING OF PERSONAL DATA  <\/p>\n<p>In accordance with Article 5 of European Regulation 2016\/679, personal data is :  <\/p>\n<ul>\n<li>Processed lawfully, fairly and transparently in relation to the data subject;<\/li>\n<li>Collected for specified, explicit and legitimate purposes (see Article 3.1 hereof) and not further processed in a manner incompatible with those purposes;<\/li>\n<li>Adequate, relevant and limited to what is necessary for the purposes for which they are processed;<\/li>\n<li>Accurate and, if necessary, up-to-date. All reasonable steps must be taken to ensure that personal data which are inaccurate, having regard to the purposes for which they are processed, are erased or rectified without delay;<\/li>\n<li>Kept in a form that permits identification of the data subjects for no longer than is necessary for the purposes for which they are processed;<\/li>\n<li>Processed in such a way as to guarantee appropriate security of the data collected, including protection against unauthorized or unlawful processing and against accidental loss, destruction or damage, using appropriate technical or organizational measures.<\/li>\n<\/ul>\n<p> <\/p>\n<p>Processing is lawful only if, and insofar as, at least one of the following conditions is met:<\/p>\n<ul>\n<li>The data subject has consented to the processing of his\/her personal data for one or more specific purposes;<\/li>\n<li>The processing is necessary for the performance of a contract to which the data subject is a party or for the performance of pre-contractual measures taken at the data subject&#8217;s request;<\/li>\n<li>The processing is necessary to comply with a legal obligation to which the data controller is subject;<\/li>\n<li>The processing is necessary to safeguard the vital interests of the data subject or of another natural person;<\/li>\n<li>The processing is necessary for the performance of a task carried out in the public interest or in the exercise of official authority vested in the controller;<\/li>\n<li>Processing is necessary for the purposes of the legitimate interests pursued by the controller or by a third party, unless the interests or fundamental rights and freedoms of the data subject which require the protection of personal data prevail, in particular where the data subject is a child.<\/li>\n<\/ul>\n<p> <\/p>\n<p>ARTICLE 3: PERSONAL DATA COLLECTED AND PROCESSED WHEN BROWSING THE SITE  <\/p>\n<p> <\/p>\n<p><strong>Article 3.1: Data collected  <\/strong><\/p>\n<p>The personal data collected within the framework of our activity are the following:  <\/p>\n<p><em>In exchanges with Internet users or customers<\/em><\/p>\n<p>This data is collected and processed for the following purpose(s):  <\/p>\n<p>To track orders<em>, manage the customer area, monitor service quality, send newsletters, etc <\/em>.   <\/p>\n<p><strong>Article 3.2: Data collection method  <\/strong><\/p>\n<p>When you use our site, the following data is automatically collected:  <\/p>\n<p><em>IP address, consent for cookies<\/em><\/p>\n<p>Other personal data is collected when you carry out the following operations on the platform:  <\/p>\n<p><em>The contact details sent when a request is made using the form<\/em><\/p>\n<p> <\/p>\n<p>They are kept by the data controller under reasonable security conditions for a period of : <em>12 months<\/em><\/p>\n<p>The company may retain certain personal data beyond the above-mentioned periods in order to meet its legal or regulatory obligations.<\/p>\n<p> <\/p>\n<p><strong>Article 3.3: Data hosting  <\/strong><\/p>\n<p>The <em>Coutellerie-brun. <\/em>fr website is hosted by : IONOS<\/p>\n<p>7 PL DE LA GARE 57200 SARREGUEMINES Contact<\/p>\n<p>legal@ionos.fr<br><br><\/p>\n<p>[If the site is concerned by the use of cookies, specify their use in an <strong>Article 3.5: &#8220;Cookies&#8221; policy].<\/strong><\/p>\n<p> <\/p>\n<p>ARTICLE 4: DATA CONTROLLER AND DATA PROTECTION OFFICER  <br><br><\/p>\n<p><strong>Article 4.1: The data controller  <\/strong><\/p>\n<p>Personal data are collected by EI Pascal Brun with a share capital of \u20ac &#8211; SIREN : 80157393200028 &#8211; RCS or RM : RCS Rodez &#8211; Postal address : 5 Rue Bardi\u00e8re &#8211; 12210 Laguiole<\/p>\n<p>The data controller can be contacted as follows:  <\/p>\n<p>By post to the following address: 5 Rue Bardi\u00e8re &#8211; 12210 Laguiole ;  <\/p>\n<p>By telephone, at [] ;  <\/p>\n<p>By e-mail:<em>[contact@coutellerie-brun.fr]<\/em>.  <\/p>\n<p> <\/p>\n<p><strong>Article 4.2: The Data Protection Officer  <\/strong> <br><br><\/p>\n<p>The Data Protection Officer of the company or the person in charge is :  <br><br><\/p>\n<p>Pascal Brun &#8211; Postal address: 5 Rue Bardi\u00e8re &#8211; 12210 Laguiole<\/p>\n<p>If, after contacting us, you feel that your &#8220;Data Protection&#8221; rights have not been respected, you can send a complaint to the CNIL.<\/p>\n<p> <\/p>\n<p>ARTICLE 5: THE USER&#8217;S RIGHTS REGARDING DATA COLLECTION AND PROCESSING  <\/p>\n<p>Any user concerned by the processing of their personal data may avail themselves of the following rights, pursuant to European Regulation 2016\/679 and the Data Protection Act (Law 78-17 of January 6, 1978):  <\/p>\n<ul>\n<li>Right of access, rectification and right to erasure of data (laid down respectively in Articles 15, 16 and 17 of the RGPD);  <br><br><\/li>\n<li>Right to data portability (Article 20 RGPD);  <br><br><\/li>\n<li>Right to limit (Article 18 of the GDPR) and object to data processing (Article 21 of the GDPR);  <br><br><\/li>\n<li>Right not to be subject to a decision based exclusively on an automated process;<br><br><\/li>\n<li>Right to determine the fate of data after death ;  <br><br><\/li>\n<li>Right to refer the matter to the competent supervisory authority (Article 77 of the RGPD).<\/li>\n<\/ul>\n<p>To exercise your rights, please write to [Pascal Brun &#8211; Postal address: 5 Rue Bardi\u00e8re &#8211; 12210 Laguiole or by e-mail to [<em>[contact@coutellerie-brun.fr]<\/em>]<\/p>\n<p>In order for the data controller to process the user&#8217;s request, the user may be required to provide certain information, such as first and last names, e-mail address and account, personal space or subscriber number.  <\/p>\n<p>Visit cnil.fr for more information on your rights.  <br><br><\/p>\n<p> <\/p>\n<p><strong>ARTICLE 6: CONDITIONS FOR MODIFYING THE PRIVACY POLICY<\/strong> <br><br><\/p>\n<p>The publisher of the site<em>[Name of site<\/em>] reserves the right to modify the present Policy at any time in order to ensure that the users of the site comply with the law in force.  <\/p>\n<p>Any modifications shall not affect purchases previously made on the site, which shall remain subject to the Policy in force at the time of purchase and as accepted by the user when validating the purchase.  <\/p>\n<p>The user is invited to take cognizance of this Policy each time he uses our services, without it being necessary to formally notify him.  <\/p>\n<p>This policy, edited on<em>[28\/02\/2014<\/em>], was updated on<em>[28\/02\/2024<\/em>].<\/p>\n<p> <\/p>\n<p> <\/p>\n<p> <\/p>\n<p> <\/p>\n<p> <\/p>\n<p> <\/p>\n<p> <\/p>\n<p> <\/p>\n<p> <\/p>\n<p> <\/p>\n<p> <\/p>\n<p> <\/p>\n<p> <\/p>\n<p> <\/p>\n<p> <\/p>\n<div> <\/div>\n<p><\/p>\t\t\t\t\t\t\t\t<\/div>\n\t\t\t\t<\/div>\n\t\t\t\t\t<\/div>\n\t\t\t\t<\/div>\n\t\t\t\t<\/div>\n\t\t","protected":false},"excerpt":{"rendered":"<p>Privacy policy [Coutellerie Brun Laguiole] ARTICLE 1: PREAMBLE The purpose of this privacy policy is to inform users of the : How their personal data is collected. Personal data is any information that can be used to identify a user. These may include, but are not limited to: first and last names, age, postal or [&hellip;]<\/p>\n","protected":false},"author":1,"featured_media":0,"parent":0,"menu_order":0,"comment_status":"closed","ping_status":"closed","template":"elementor_header_footer","meta":{"footnotes":""},"class_list":["post-5856","page","type-page","status-publish","hentry"],"yoast_head":"<!-- This site is optimized with the Yoast SEO plugin v27.3 - https:\/\/yoast.com\/product\/yoast-seo-wordpress\/ -->\n<title>Privacy policy - Coutellerie Brun Laguiole<\/title>\n<meta name=\"description\" content=\"Coutellerie Brun Laguiole Privacy policy\" \/>\n<meta name=\"robots\" content=\"index, follow, max-snippet:-1, max-image-preview:large, max-video-preview:-1\" \/>\n<link rel=\"canonical\" href=\"https:\/\/coutellerie-brun.fr\/en\/privacy-policy\" \/>\n<meta property=\"og:locale\" content=\"en_US\" \/>\n<meta property=\"og:type\" content=\"article\" \/>\n<meta property=\"og:title\" content=\"Privacy policy - Coutellerie Brun Laguiole\" \/>\n<meta property=\"og:description\" content=\"Coutellerie Brun Laguiole Privacy policy\" \/>\n<meta property=\"og:url\" content=\"https:\/\/coutellerie-brun.fr\/en\/privacy-policy\" \/>\n<meta property=\"og:site_name\" content=\"Coutellerie Brun Laguiole\" \/>\n<meta property=\"article:modified_time\" content=\"2024-04-18T15:37:19+00:00\" \/>\n<meta name=\"twitter:card\" content=\"summary_large_image\" \/>\n<meta name=\"twitter:label1\" content=\"Est. reading time\" \/>\n\t<meta name=\"twitter:data1\" content=\"5 minutes\" \/>\n<script type=\"application\/ld+json\" class=\"yoast-schema-graph\">{\"@context\":\"https:\\\/\\\/schema.org\",\"@graph\":[{\"@type\":\"WebPage\",\"@id\":\"https:\\\/\\\/coutellerie-brun.fr\\\/en\\\/privacy-policy\",\"url\":\"https:\\\/\\\/coutellerie-brun.fr\\\/en\\\/privacy-policy\",\"name\":\"Privacy policy - Coutellerie Brun Laguiole\",\"isPartOf\":{\"@id\":\"https:\\\/\\\/coutellerie-brun.fr\\\/en#website\"},\"datePublished\":\"2024-02-28T12:05:22+00:00\",\"dateModified\":\"2024-04-18T15:37:19+00:00\",\"description\":\"Coutellerie Brun Laguiole Privacy policy\",\"inLanguage\":\"en-US\",\"potentialAction\":[{\"@type\":\"ReadAction\",\"target\":[\"https:\\\/\\\/coutellerie-brun.fr\\\/en\\\/privacy-policy\"]}]},{\"@type\":\"WebSite\",\"@id\":\"https:\\\/\\\/coutellerie-brun.fr\\\/en#website\",\"url\":\"https:\\\/\\\/coutellerie-brun.fr\\\/en\",\"name\":\"Coutellerie Brun Laguiole\",\"description\":\"Artisan Coutelier Laguiole\",\"publisher\":{\"@id\":\"https:\\\/\\\/coutellerie-brun.fr\\\/en#organization\"},\"potentialAction\":[{\"@type\":\"SearchAction\",\"target\":{\"@type\":\"EntryPoint\",\"urlTemplate\":\"https:\\\/\\\/coutellerie-brun.fr\\\/en?s={search_term_string}\"},\"query-input\":{\"@type\":\"PropertyValueSpecification\",\"valueRequired\":true,\"valueName\":\"search_term_string\"}}],\"inLanguage\":\"en-US\"},{\"@type\":\"Organization\",\"@id\":\"https:\\\/\\\/coutellerie-brun.fr\\\/en#organization\",\"name\":\"Coutellerie Brun Laguiole\",\"url\":\"https:\\\/\\\/coutellerie-brun.fr\\\/en\",\"logo\":{\"@type\":\"ImageObject\",\"inLanguage\":\"en-US\",\"@id\":\"https:\\\/\\\/coutellerie-brun.fr\\\/en#\\\/schema\\\/logo\\\/image\\\/\",\"url\":\"https:\\\/\\\/coutellerie-brun.fr\\\/wp-content\\\/uploads\\\/2024\\\/01\\\/logo-coutellerie-brun-Julie-S.png\",\"contentUrl\":\"https:\\\/\\\/coutellerie-brun.fr\\\/wp-content\\\/uploads\\\/2024\\\/01\\\/logo-coutellerie-brun-Julie-S.png\",\"width\":604,\"height\":264,\"caption\":\"Coutellerie Brun Laguiole\"},\"image\":{\"@id\":\"https:\\\/\\\/coutellerie-brun.fr\\\/en#\\\/schema\\\/logo\\\/image\\\/\"}}]}<\/script>\n<!-- \/ Yoast SEO plugin. -->","yoast_head_json":{"title":"Privacy policy - Coutellerie Brun Laguiole","description":"Coutellerie Brun Laguiole Privacy policy","robots":{"index":"index","follow":"follow","max-snippet":"max-snippet:-1","max-image-preview":"max-image-preview:large","max-video-preview":"max-video-preview:-1"},"canonical":"https:\/\/coutellerie-brun.fr\/en\/privacy-policy","og_locale":"en_US","og_type":"article","og_title":"Privacy policy - Coutellerie Brun Laguiole","og_description":"Coutellerie Brun Laguiole Privacy policy","og_url":"https:\/\/coutellerie-brun.fr\/en\/privacy-policy","og_site_name":"Coutellerie Brun Laguiole","article_modified_time":"2024-04-18T15:37:19+00:00","twitter_card":"summary_large_image","twitter_misc":{"Est. reading time":"5 minutes"},"schema":{"@context":"https:\/\/schema.org","@graph":[{"@type":"WebPage","@id":"https:\/\/coutellerie-brun.fr\/en\/privacy-policy","url":"https:\/\/coutellerie-brun.fr\/en\/privacy-policy","name":"Privacy policy - Coutellerie Brun Laguiole","isPartOf":{"@id":"https:\/\/coutellerie-brun.fr\/en#website"},"datePublished":"2024-02-28T12:05:22+00:00","dateModified":"2024-04-18T15:37:19+00:00","description":"Coutellerie Brun Laguiole Privacy policy","inLanguage":"en-US","potentialAction":[{"@type":"ReadAction","target":["https:\/\/coutellerie-brun.fr\/en\/privacy-policy"]}]},{"@type":"WebSite","@id":"https:\/\/coutellerie-brun.fr\/en#website","url":"https:\/\/coutellerie-brun.fr\/en","name":"Coutellerie Brun Laguiole","description":"Artisan Coutelier Laguiole","publisher":{"@id":"https:\/\/coutellerie-brun.fr\/en#organization"},"potentialAction":[{"@type":"SearchAction","target":{"@type":"EntryPoint","urlTemplate":"https:\/\/coutellerie-brun.fr\/en?s={search_term_string}"},"query-input":{"@type":"PropertyValueSpecification","valueRequired":true,"valueName":"search_term_string"}}],"inLanguage":"en-US"},{"@type":"Organization","@id":"https:\/\/coutellerie-brun.fr\/en#organization","name":"Coutellerie Brun Laguiole","url":"https:\/\/coutellerie-brun.fr\/en","logo":{"@type":"ImageObject","inLanguage":"en-US","@id":"https:\/\/coutellerie-brun.fr\/en#\/schema\/logo\/image\/","url":"https:\/\/coutellerie-brun.fr\/wp-content\/uploads\/2024\/01\/logo-coutellerie-brun-Julie-S.png","contentUrl":"https:\/\/coutellerie-brun.fr\/wp-content\/uploads\/2024\/01\/logo-coutellerie-brun-Julie-S.png","width":604,"height":264,"caption":"Coutellerie Brun Laguiole"},"image":{"@id":"https:\/\/coutellerie-brun.fr\/en#\/schema\/logo\/image\/"}}]}},"_links":{"self":[{"href":"https:\/\/coutellerie-brun.fr\/en\/wp-json\/wp\/v2\/pages\/5856","targetHints":{"allow":["GET"]}}],"collection":[{"href":"https:\/\/coutellerie-brun.fr\/en\/wp-json\/wp\/v2\/pages"}],"about":[{"href":"https:\/\/coutellerie-brun.fr\/en\/wp-json\/wp\/v2\/types\/page"}],"author":[{"embeddable":true,"href":"https:\/\/coutellerie-brun.fr\/en\/wp-json\/wp\/v2\/users\/1"}],"replies":[{"embeddable":true,"href":"https:\/\/coutellerie-brun.fr\/en\/wp-json\/wp\/v2\/comments?post=5856"}],"version-history":[{"count":3,"href":"https:\/\/coutellerie-brun.fr\/en\/wp-json\/wp\/v2\/pages\/5856\/revisions"}],"predecessor-version":[{"id":5860,"href":"https:\/\/coutellerie-brun.fr\/en\/wp-json\/wp\/v2\/pages\/5856\/revisions\/5860"}],"wp:attachment":[{"href":"https:\/\/coutellerie-brun.fr\/en\/wp-json\/wp\/v2\/media?parent=5856"}],"curies":[{"name":"wp","href":"https:\/\/api.w.org\/{rel}","templated":true}]}}